{"id":2141,"date":"2026-02-23T10:01:00","date_gmt":"2026-02-23T07:01:00","guid":{"rendered":"https:\/\/www.profdrmustafaozates.com\/kurumsal\/"},"modified":"2026-03-31T15:00:08","modified_gmt":"2026-03-31T12:00:08","slug":"institutional","status":"publish","type":"page","link":"https:\/\/www.profdrmustafaozates.com\/en\/institutional\/","title":{"rendered":"Institutional"},"content":{"rendered":"<h2>Prof. Dr. Mustafa \u00d6zate\u015f<\/h2>\n<div class=\"elementor-element elementor-element-2bc8e78 elementor-widget elementor-widget-heading animated fadeInDown\" data-id=\"2bc8e78\" data-element_type=\"widget\" data-settings=\"{&quot;_animation&quot;:&quot;fadeInDown&quot;}\" data-widget_type=\"heading.default\">\n<div class=\"elementor-widget-container\">\n<h2 class=\"elementor-heading-title elementor-size-default\">Biography<\/h2>\n<\/div>\n<\/div>\n<div class=\"elementor-element elementor-element-c6c8522 elementor-widget elementor-widget-text-editor animated fadeIn\" data-id=\"c6c8522\" data-element_type=\"widget\" data-settings=\"{&quot;_animation&quot;:&quot;fadeIn&quot;}\" data-widget_type=\"text-editor.default\">\n<div class=\"elementor-widget-container\">\n<p><img loading=\"lazy\" decoding=\"async\" class=\"alignright wp-image-6046 size-full\" src=\"http:\/\/www.profdrmustafaozates.com\/wp-content\/uploads\/2023\/05\/profdrmustafaozates.jpg.webp\" alt=\"\" width=\"256\" height=\"300\"><\/p>\n<p>I was born in 1966 in the Birecik district of \u015eanl\u0131urfa. I completed my primary and<br \/>\nsecondary education in my hometown, Birecik.<\/p>\n<p>In 1983,&nbsp;<strong>I was admitted to Istanbul University Istanbul Faculty of Medicine&nbsp;<\/strong><strong>(\u00c7apa)<\/strong>.&nbsp;<br \/>\nAfter 6 years of successful education, I graduated in 1989, and in the same year, after passing the Medical Specialty Examination (TUS),<br \/>\nI started my Radiology training at Dicle University Faculty of Medicine.<\/p>\n<p>Between 1993 and 1995,&nbsp;<em><strong><a href=\"https:\/\/www.profdrmustafaozates.com\/\">as a Radiology Specialist<\/a><\/strong><\/em>&nbsp;I worked in various<br \/>\nhospitals in Gaziantep. After passing the Assistant Professorship examination, I started working<br \/>\nas a faculty member at Dicle University in 1995.<\/p>\n<p><strong>My Post-Specialty Training:<\/strong><br \/>\n2003, Gazi University Faculty of Medicine, MRI Department, Ankara<br \/>\n2003, Marmara University Faculty of Medicine, MRI Department,&nbsp;Istanbul<br \/>\n<strong>2001-2004, ESNR European Course of Neuroradiology&nbsp;(3 Terms)<\/strong><br \/>\n<strong>1997, Johns Hopkins University, Neuroradiology,&nbsp;Baltimore, USA<\/strong><br \/>\n<strong>1997, Cornell University, Neuroradiology,&nbsp;New York, USA<\/strong><br \/>\n1996, Istanbul University Istanbul Faculty of Medicine, MRI Department,&nbsp;Istanbul<br \/>\n1994, Dokuz Eyl\u00fcl University Faculty of Medicine, MRI Department,&nbsp;\u0130zmir<br \/>\n1993, Uluda\u011f University Faculty of Medicine, MRI Department,&nbsp;Bursa<br \/>\n<strong>1993, UCLA Medical Center (as a visitor),&nbsp;Los Angeles, USA<\/strong><br \/>\n1992-1993, Ma\u00e7ka EMAR, Dr. Murat Din\u00e7er,&nbsp;Istanbul<\/p>\n<p><strong>My Academic Work:<\/strong><br \/>\nInternational Publications: 23<br \/>\nInternational Presentations: 27<br \/>\nNational Publications: 45<br \/>\nNational Presentations: 48<br \/>\nConferences: 11<br \/>\nCitations: 210 Scientific Publications (Average Citations per Item: 10.50,&nbsp;h-index: 9), 1 book published in the USA, Various Conferences<\/p>\n<p>Supervised Theses: 2<br \/>\nSpecialty Jury Memberships: 59<br \/>\nMembership in National Congress Organizing Committee: 1<br \/>\nSpeeches at National Congresses: 4<\/p>\n<p><strong>Scientific Organizations I Am A Member Of:<\/strong><br \/>\nEuropean Society of Radiology (ESR)<br \/>\nTurkish Society of Radiology (TRD)<br \/>\nMagnetic Resonance Society<br \/>\nIstanbul Medical Chamber (\u0130TO)<br \/>\nTurkish Neuroradiology Society<\/p>\n<p><strong>Journals For Which I Have Served As A Reviewer:<\/strong><br \/>\nDiagnostic and Interventional Radiology<br \/>\nDr. L\u00fctfi K\u0131rdar Kartal Training and Research Hospital Journal<br \/>\nT\u00dcB\u0130TAK Academic Journals<br \/>\nT\u00fcrkiye Klinikleri Journal of Medical Sciences,<br \/>\nJournal of Clinical and Experimental Research<br \/>\nDicle Medical Journal<\/p>\n<p>In 2003, after the examination held at Marmara University Faculty of Medicine, I became entitled to receive the title of&nbsp;<strong>Associate Professor<\/strong>.<\/p>\n<p>Between 2005 and 2013, I served as the&nbsp;<strong>Head of the Radiology Clinic, Educational and Administrative Supervisor<\/strong>&nbsp;at Dr. L\u00fctfi K\u0131rdar Kartal Training and Research Hospital.<\/p>\n<p>In 2013, I started working as a&nbsp;<strong>Professor<\/strong>&nbsp;at Ni\u015fanta\u015f\u0131 University.<\/p>\n<p>I am a member of the&nbsp;<strong>Board of Directors<\/strong>&nbsp;of Ni\u015fanta\u015f\u0131 University.<\/p>\n<p>On March 15, 2013, I was appointed as the&nbsp;<strong>Interuniversity Council Representative<\/strong>.<strong><br \/>\n<\/strong><br \/>\n<strong>I am a subspecialist in \u201cPediatric Radiology.\u201d<\/strong>&nbsp;Meanwhile, my articles have been published in many journals both in Turkey and abroad. I have presented written and oral papers and given conferences at congresses in various cities and countries.<\/p>\n<p>As the Head of the Radiology Clinic at Ba\u011fc\u0131lar Training and Research Hospital,&nbsp;<strong>I am the physician who performed the first Coronary&nbsp;<em><a href=\"https:\/\/www.profdrmustafaozates.com\/hizmetlerimiz\/\">CT<\/a><\/em>&nbsp;<em><a href=\"https:\/\/www.profdrmustafaozates.com\/hizmetlerimiz\/koroner-bt-anjiyografi-sanal-anjiyo\/\">Angiography<\/a><\/em>&nbsp;in a state hospital in Istanbul.<\/strong><\/p>\n<p>At Dr. L\u00fctfi K\u0131rdar Kartal Training and Research Hospital,&nbsp;<strong>by establishing what was at the time Turkey\u2019s most advanced Radiology PACS and teleradiology systems<\/strong>&nbsp;I earned the appreciation of the healthcare community.<\/p>\n<p><strong>I am among Turkey\u2019s first certified Pediatric Radiology Subspecialists.<\/strong><\/p>\n<p>The&nbsp;<strong>training level<\/strong>&nbsp;of the residents in the clinic where I served as chief was evaluated by the European Society of Radiology within the scope of the European Training Assessment Programme (ETAP) on October 21 and 22, 2011, found successful, and certified with the&nbsp;<strong>ESR 2011 ETAP Certificate for assessed departments Istanbul<\/strong>.<\/p>\n<p>Meanwhile, I have served on the&nbsp;<strong>specialty examination jury<\/strong>&nbsp;for many resident doctors.<\/p>\n<p>I completed my military service during the March-April 2000 period at the 200-Bed Malatya Military Hospital.<\/p>\n<p>I am married and the father of 3 children.<\/p>\n<p>I have a good command of English.<\/p>\n<p>Respectfully,<\/p>\n<\/div>\n<\/div>\n","protected":false},"excerpt":{"rendered":"<p>Prof. Dr. Mustafa \u00d6zate\u015f Biography I was born in 1966 in the Birecik district of \u015eanl\u0131urfa. I completed my primary and secondary education in my hometown, Birecik. In 1983,&nbsp;I was admitted to Istanbul University Istanbul Faculty of Medicine&nbsp;(\u00c7apa).&nbsp; After 6 years of successful education, I graduated in 1989, and in the same year, after passing [&hellip;]<\/p>\n","protected":false},"author":1,"featured_media":0,"parent":0,"menu_order":0,"comment_status":"closed","ping_status":"closed","template":"","meta":{"ngg_post_thumbnail":0,"footnotes":""},"class_list":["post-2141","page","type-page","status-publish","hentry"],"_links":{"self":[{"href":"https:\/\/www.profdrmustafaozates.com\/en\/wp-json\/wp\/v2\/pages\/2141","targetHints":{"allow":["GET"]}}],"collection":[{"href":"https:\/\/www.profdrmustafaozates.com\/en\/wp-json\/wp\/v2\/pages"}],"about":[{"href":"https:\/\/www.profdrmustafaozates.com\/en\/wp-json\/wp\/v2\/types\/page"}],"author":[{"embeddable":true,"href":"https:\/\/www.profdrmustafaozates.com\/en\/wp-json\/wp\/v2\/users\/1"}],"replies":[{"embeddable":true,"href":"https:\/\/www.profdrmustafaozates.com\/en\/wp-json\/wp\/v2\/comments?post=2141"}],"version-history":[{"count":4,"href":"https:\/\/www.profdrmustafaozates.com\/en\/wp-json\/wp\/v2\/pages\/2141\/revisions"}],"predecessor-version":[{"id":2426,"href":"https:\/\/www.profdrmustafaozates.com\/en\/wp-json\/wp\/v2\/pages\/2141\/revisions\/2426"}],"wp:attachment":[{"href":"https:\/\/www.profdrmustafaozates.com\/en\/wp-json\/wp\/v2\/media?parent=2141"}],"curies":[{"name":"wp","href":"https:\/\/api.w.org\/{rel}","templated":true}]}}